{"id":253,"date":"2014-07-12T21:44:16","date_gmt":"2014-07-12T21:44:16","guid":{"rendered":"https:\/\/www.tregormarine.com\/?page_id=253"},"modified":"2014-07-12T21:46:03","modified_gmt":"2014-07-12T21:46:03","slug":"dechirure-de-flotteur","status":"publish","type":"page","link":"https:\/\/www.tregormarine.com\/?page_id=253","title":{"rendered":"d\u00e9chirure de flotteur"},"content":{"rendered":"<p>Une d\u00e9chirure importante, mais un bateau qui continue de naviguer en toute s\u00e9curit\u00e9 &#8230;<\/p>\n<h2 style=\"text-align: center;\">AVANT<\/h2>\n<p><img decoding=\"async\" loading=\"lazy\" class=\"aligncenter size-medium wp-image-254\" src=\"https:\/\/www.tregormarine.com\/wp-content\/uploads\/Flotteur-300x224.jpg\" alt=\"Flotteur\" width=\"300\" height=\"224\" srcset=\"https:\/\/www.tregormarine.com\/wp-content\/uploads\/Flotteur-300x224.jpg 300w, https:\/\/www.tregormarine.com\/wp-content\/uploads\/Flotteur.jpg 600w\" sizes=\"(max-width: 300px) 100vw, 300px\" \/><\/p>\n<h2 style=\"text-align: center;\"><\/h2>\n<h2 style=\"text-align: center;\">APRES<\/h2>\n<p style=\"text-align: center;\"><img decoding=\"async\" loading=\"lazy\" class=\"aligncenter size-medium wp-image-257\" src=\"https:\/\/www.tregormarine.com\/wp-content\/uploads\/Apesflotteur-300x224.jpg\" alt=\"Apesflotteur\" width=\"300\" height=\"224\" srcset=\"https:\/\/www.tregormarine.com\/wp-content\/uploads\/Apesflotteur-300x224.jpg 300w, https:\/\/www.tregormarine.com\/wp-content\/uploads\/Apesflotteur.jpg 800w\" sizes=\"(max-width: 300px) 100vw, 300px\" \/><\/p>\n","protected":false},"excerpt":{"rendered":"<p>Une d\u00e9chirure importante, mais un bateau qui continue de naviguer en toute s\u00e9curit\u00e9 &#8230; AVANT APRES<\/p>\n","protected":false},"author":1,"featured_media":0,"parent":0,"menu_order":0,"comment_status":"closed","ping_status":"open","template":"","meta":{"jetpack_post_was_ever_published":false},"jetpack_sharing_enabled":true,"jetpack_shortlink":"https:\/\/wp.me\/P4JMyS-45","_links":{"self":[{"href":"https:\/\/www.tregormarine.com\/index.php?rest_route=\/wp\/v2\/pages\/253"}],"collection":[{"href":"https:\/\/www.tregormarine.com\/index.php?rest_route=\/wp\/v2\/pages"}],"about":[{"href":"https:\/\/www.tregormarine.com\/index.php?rest_route=\/wp\/v2\/types\/page"}],"author":[{"embeddable":true,"href":"https:\/\/www.tregormarine.com\/index.php?rest_route=\/wp\/v2\/users\/1"}],"replies":[{"embeddable":true,"href":"https:\/\/www.tregormarine.com\/index.php?rest_route=%2Fwp%2Fv2%2Fcomments&post=253"}],"version-history":[{"count":2,"href":"https:\/\/www.tregormarine.com\/index.php?rest_route=\/wp\/v2\/pages\/253\/revisions"}],"predecessor-version":[{"id":258,"href":"https:\/\/www.tregormarine.com\/index.php?rest_route=\/wp\/v2\/pages\/253\/revisions\/258"}],"wp:attachment":[{"href":"https:\/\/www.tregormarine.com\/index.php?rest_route=%2Fwp%2Fv2%2Fmedia&parent=253"}],"curies":[{"name":"wp","href":"https:\/\/api.w.org\/{rel}","templated":true}]}}